{"id":640,"date":"2024-01-05T00:15:09","date_gmt":"2024-01-05T00:15:09","guid":{"rendered":"https:\/\/act-aec.ca\/640-2\/"},"modified":"2024-01-05T02:18:03","modified_gmt":"2024-01-05T02:18:03","slug":"640-2","status":"publish","type":"page","link":"https:\/\/act-aec.ca\/fr\/640-2\/","title":{"rendered":""},"content":{"rendered":"\t\t<div data-elementor-type=\"wp-page\" data-elementor-id=\"640\" class=\"elementor elementor-640 elementor-615\" data-elementor-post-type=\"page\">\n\t\t\t\t<div class=\"elementor-element elementor-element-473cb6c e-flex e-con-boxed e-con e-parent\" data-id=\"473cb6c\" data-element_type=\"container\">\n\t\t\t\t\t<div class=\"e-con-inner\">\n\t\t\t\t<div class=\"elementor-element elementor-element-40ba546 elementor-widget elementor-widget-spacer\" data-id=\"40ba546\" data-element_type=\"widget\" data-widget_type=\"spacer.default\">\n\t\t\t\t<div class=\"elementor-widget-container\">\n\t\t\t<style>\/*! elementor - v3.21.0 - 08-05-2024 *\/\n.elementor-column .elementor-spacer-inner{height:var(--spacer-size)}.e-con{--container-widget-width:100%}.e-con-inner>.elementor-widget-spacer,.e-con>.elementor-widget-spacer{width:var(--container-widget-width,var(--spacer-size));--align-self:var(--container-widget-align-self,initial);--flex-shrink:0}.e-con-inner>.elementor-widget-spacer>.elementor-widget-container,.e-con>.elementor-widget-spacer>.elementor-widget-container{height:100%;width:100%}.e-con-inner>.elementor-widget-spacer>.elementor-widget-container>.elementor-spacer,.e-con>.elementor-widget-spacer>.elementor-widget-container>.elementor-spacer{height:100%}.e-con-inner>.elementor-widget-spacer>.elementor-widget-container>.elementor-spacer>.elementor-spacer-inner,.e-con>.elementor-widget-spacer>.elementor-widget-container>.elementor-spacer>.elementor-spacer-inner{height:var(--container-widget-height,var(--spacer-size))}.e-con-inner>.elementor-widget-spacer.elementor-widget-empty,.e-con>.elementor-widget-spacer.elementor-widget-empty{position:relative;min-height:22px;min-width:22px}.e-con-inner>.elementor-widget-spacer.elementor-widget-empty .elementor-widget-empty-icon,.e-con>.elementor-widget-spacer.elementor-widget-empty .elementor-widget-empty-icon{position:absolute;top:0;bottom:0;left:0;right:0;margin:auto;padding:0;width:22px;height:22px}<\/style>\t\t<div class=\"elementor-spacer\">\n\t\t\t<div class=\"elementor-spacer-inner\"><\/div>\n\t\t<\/div>\n\t\t\t\t<\/div>\n\t\t\t\t<\/div>\n\t\t\t\t<div class=\"elementor-element elementor-element-951df57 elementor-widget elementor-widget-heading\" data-id=\"951df57\" data-element_type=\"widget\" data-widget_type=\"heading.default\">\n\t\t\t\t<div class=\"elementor-widget-container\">\n\t\t\t<style>\/*! elementor - v3.21.0 - 08-05-2024 *\/\n.elementor-heading-title{padding:0;margin:0;line-height:1}.elementor-widget-heading .elementor-heading-title[class*=elementor-size-]>a{color:inherit;font-size:inherit;line-height:inherit}.elementor-widget-heading .elementor-heading-title.elementor-size-small{font-size:15px}.elementor-widget-heading .elementor-heading-title.elementor-size-medium{font-size:19px}.elementor-widget-heading .elementor-heading-title.elementor-size-large{font-size:29px}.elementor-widget-heading .elementor-heading-title.elementor-size-xl{font-size:39px}.elementor-widget-heading .elementor-heading-title.elementor-size-xxl{font-size:59px}<\/style><h2 class=\"elementor-heading-title elementor-size-default\">Notre Consortium<\/h2>\t\t<\/div>\n\t\t\t\t<\/div>\n\t\t\t\t<div class=\"elementor-element elementor-element-4396bdc dce_masking-none elementor-widget elementor-widget-image\" data-id=\"4396bdc\" data-element_type=\"widget\" data-widget_type=\"image.default\">\n\t\t\t\t<div class=\"elementor-widget-container\">\n\t\t\t<style>\/*! elementor - v3.21.0 - 08-05-2024 *\/\n.elementor-widget-image{text-align:center}.elementor-widget-image a{display:inline-block}.elementor-widget-image a img[src$=\".svg\"]{width:48px}.elementor-widget-image img{vertical-align:middle;display:inline-block}<\/style>\t\t\t\t\t\t\t\t\t\t<img fetchpriority=\"high\" decoding=\"async\" width=\"800\" height=\"302\" src=\"https:\/\/act-aec.ca\/wp-content\/uploads\/2023\/11\/ACT23-BW191-1024x387.png\" class=\"attachment-large size-large wp-image-552\" alt=\"\" srcset=\"https:\/\/act-aec.ca\/wp-content\/uploads\/2023\/11\/ACT23-BW191-1024x387.png 1024w, https:\/\/act-aec.ca\/wp-content\/uploads\/2023\/11\/ACT23-BW191-300x113.png 300w, https:\/\/act-aec.ca\/wp-content\/uploads\/2023\/11\/ACT23-BW191-768x290.png 768w, https:\/\/act-aec.ca\/wp-content\/uploads\/2023\/11\/ACT23-BW191-1536x581.png 1536w, https:\/\/act-aec.ca\/wp-content\/uploads\/2023\/11\/ACT23-BW191-2048x774.png 2048w\" sizes=\"(max-width: 800px) 100vw, 800px\" \/>\t\t\t\t\t\t\t\t\t\t\t\t\t<\/div>\n\t\t\t\t<\/div>\n\t\t\t\t\t<\/div>\n\t\t\t\t<\/div>\n\t\t<div class=\"elementor-element elementor-element-4bb399f e-flex e-con-boxed e-con e-parent\" data-id=\"4bb399f\" data-element_type=\"container\">\n\t\t\t\t\t<div class=\"e-con-inner\">\n\t\t\t\t<div class=\"elementor-element elementor-element-4546c96 elementor-nav-menu__align-center elementor-nav-menu--dropdown-tablet elementor-nav-menu__text-align-aside elementor-nav-menu--toggle elementor-nav-menu--burger elementor-widget elementor-widget-nav-menu\" data-id=\"4546c96\" data-element_type=\"widget\" data-settings=\"{&quot;layout&quot;:&quot;horizontal&quot;,&quot;submenu_icon&quot;:{&quot;value&quot;:&quot;&lt;svg class=\\&quot;e-font-icon-svg e-fas-caret-down\\&quot; viewBox=\\&quot;0 0 320 512\\&quot; xmlns=\\&quot;http:\\\/\\\/www.w3.org\\\/2000\\\/svg\\&quot;&gt;&lt;path d=\\&quot;M31.3 192h257.3c17.8 0 26.7 21.5 14.1 34.1L174.1 354.8c-7.8 7.8-20.5 7.8-28.3 0L17.2 226.1C4.6 213.5 13.5 192 31.3 192z\\&quot;&gt;&lt;\\\/path&gt;&lt;\\\/svg&gt;&quot;,&quot;library&quot;:&quot;fa-solid&quot;},&quot;toggle&quot;:&quot;burger&quot;}\" data-widget_type=\"nav-menu.default\">\n\t\t\t\t<div class=\"elementor-widget-container\">\n\t\t\t<link rel=\"stylesheet\" href=\"https:\/\/act-aec.ca\/wp-content\/plugins\/elementor-pro\/assets\/css\/widget-nav-menu.min.css\">\t\t\t<nav class=\"elementor-nav-menu--main elementor-nav-menu__container elementor-nav-menu--layout-horizontal e--pointer-underline e--animation-fade\">\n\t\t\t\t<ul id=\"menu-1-4546c96\" class=\"elementor-nav-menu\"><li class=\"menu-item menu-item-type-post_type menu-item-object-page menu-item-618\"><a href=\"https:\/\/act-aec.ca\/portfolio-hospitals\/\" class=\"elementor-item\">H\u00f4pitaux du portefeuille<\/a><\/li>\n<li class=\"menu-item menu-item-type-post_type menu-item-object-page menu-item-619\"><a href=\"https:\/\/act-aec.ca\/research-networks\/\" class=\"elementor-item\">R\u00e9seaux de recherche<\/a><\/li>\n<li class=\"menu-item menu-item-type-post_type menu-item-object-page menu-item-620\"><a href=\"https:\/\/act-aec.ca\/clinical-trial-units\/\" class=\"elementor-item\">Unit\u00e9s d&rsquo;essais cliniques<\/a><\/li>\n<\/ul>\t\t\t<\/nav>\n\t\t\t\t\t<div class=\"elementor-menu-toggle\" role=\"button\" tabindex=\"0\" aria-label=\"Permuter le menu\" aria-expanded=\"false\">\n\t\t\t<svg aria-hidden=\"true\" role=\"presentation\" class=\"elementor-menu-toggle__icon--open e-font-icon-svg e-eicon-menu-bar\" viewBox=\"0 0 1000 1000\" xmlns=\"http:\/\/www.w3.org\/2000\/svg\"><path d=\"M104 333H896C929 333 958 304 958 271S929 208 896 208H104C71 208 42 237 42 271S71 333 104 333ZM104 583H896C929 583 958 554 958 521S929 458 896 458H104C71 458 42 487 42 521S71 583 104 583ZM104 833H896C929 833 958 804 958 771S929 708 896 708H104C71 708 42 737 42 771S71 833 104 833Z\"><\/path><\/svg><svg aria-hidden=\"true\" role=\"presentation\" class=\"elementor-menu-toggle__icon--close e-font-icon-svg e-eicon-close\" viewBox=\"0 0 1000 1000\" xmlns=\"http:\/\/www.w3.org\/2000\/svg\"><path d=\"M742 167L500 408 258 167C246 154 233 150 217 150 196 150 179 158 167 167 154 179 150 196 150 212 150 229 154 242 171 254L408 500 167 742C138 771 138 800 167 829 196 858 225 858 254 829L496 587 738 829C750 842 767 846 783 846 800 846 817 842 829 829 842 817 846 804 846 783 846 767 842 750 829 737L588 500 833 258C863 229 863 200 833 171 804 137 775 137 742 167Z\"><\/path><\/svg>\t\t\t<span class=\"elementor-screen-only\">Menu<\/span>\n\t\t<\/div>\n\t\t\t\t\t<nav class=\"elementor-nav-menu--dropdown elementor-nav-menu__container\" aria-hidden=\"true\">\n\t\t\t\t<ul id=\"menu-2-4546c96\" class=\"elementor-nav-menu\"><li class=\"menu-item menu-item-type-post_type menu-item-object-page menu-item-618\"><a href=\"https:\/\/act-aec.ca\/portfolio-hospitals\/\" class=\"elementor-item\" tabindex=\"-1\">H\u00f4pitaux du portefeuille<\/a><\/li>\n<li class=\"menu-item menu-item-type-post_type menu-item-object-page menu-item-619\"><a href=\"https:\/\/act-aec.ca\/research-networks\/\" class=\"elementor-item\" tabindex=\"-1\">R\u00e9seaux de recherche<\/a><\/li>\n<li class=\"menu-item menu-item-type-post_type menu-item-object-page menu-item-620\"><a href=\"https:\/\/act-aec.ca\/clinical-trial-units\/\" class=\"elementor-item\" tabindex=\"-1\">Unit\u00e9s d&rsquo;essais cliniques<\/a><\/li>\n<\/ul>\t\t\t<\/nav>\n\t\t\t\t<\/div>\n\t\t\t\t<\/div>\n\t\t\t\t<div class=\"elementor-element elementor-element-59bd665 elementor-widget elementor-widget-text-editor\" data-id=\"59bd665\" data-element_type=\"widget\" data-widget_type=\"text-editor.default\">\n\t\t\t\t<div class=\"elementor-widget-container\">\n\t\t\t<style>\/*! elementor - v3.21.0 - 08-05-2024 *\/\n.elementor-widget-text-editor.elementor-drop-cap-view-stacked .elementor-drop-cap{background-color:#69727d;color:#fff}.elementor-widget-text-editor.elementor-drop-cap-view-framed .elementor-drop-cap{color:#69727d;border:3px solid;background-color:transparent}.elementor-widget-text-editor:not(.elementor-drop-cap-view-default) .elementor-drop-cap{margin-top:8px}.elementor-widget-text-editor:not(.elementor-drop-cap-view-default) .elementor-drop-cap-letter{width:1em;height:1em}.elementor-widget-text-editor .elementor-drop-cap{float:left;text-align:center;line-height:1;font-size:50px}.elementor-widget-text-editor .elementor-drop-cap-letter{display:inline-block}<\/style>\t\t\t\t<p>Nous mettons en relation des centaines de chercheurs de 28 r\u00e9seaux, 11 unit\u00e9s d&rsquo;essai, des patients-partenaires, l&rsquo;industrie biotechnologique, le gouvernement et des experts en mati\u00e8re de processus d&rsquo;\u00e9valuation \u00e9thique de la recherche, de contrats, d&rsquo;assurance, de processus r\u00e9glementaires, d&rsquo;engagement des patients, de formation aux essais cliniques, de communication, de mobilisation des connaissances &#8211; de la Nouvelle-\u00c9cosse \u00e0 la Colombie-Britannique, en passant par le Nunavut.<\/p>\n\t\t\t\t\t\t<\/div>\n\t\t\t\t<\/div>\n\t\t\t\t\t<\/div>\n\t\t\t\t<\/div>\n\t\t\t\t<\/div>\n\t\t","protected":false},"excerpt":{"rendered":"<p>Notre Consortium Nous mettons en relation des centaines de chercheurs de 28 r\u00e9seaux, 11 unit\u00e9s d&rsquo;essai, des patients-partenaires, l&rsquo;industrie biotechnologique, le gouvernement et des experts en mati\u00e8re de processus d&rsquo;\u00e9valuation \u00e9thique de la recherche, de contrats, d&rsquo;assurance, de processus r\u00e9glementaires, d&rsquo;engagement des patients, de formation aux essais cliniques, de communication, de mobilisation des connaissances &#8211; [&hellip;]<\/p>\n","protected":false},"author":1,"featured_media":0,"parent":0,"menu_order":0,"comment_status":"closed","ping_status":"closed","template":"","meta":{"footnotes":""},"class_list":["post-640","page","type-page","status-publish","hentry"],"acf":[],"yoast_head":"<!-- This site is optimized with the Yoast SEO plugin v22.6 - https:\/\/yoast.com\/wordpress\/plugins\/seo\/ -->\n<title>- ACT AEC<\/title>\n<meta name=\"robots\" content=\"index, follow, max-snippet:-1, max-image-preview:large, max-video-preview:-1\" \/>\n<link rel=\"canonical\" href=\"https:\/\/act-aec.ca\/our-consortium\/\" \/>\n<meta property=\"og:locale\" content=\"fr_FR\" \/>\n<meta property=\"og:type\" content=\"article\" \/>\n<meta property=\"og:title\" content=\"- ACT AEC\" \/>\n<meta property=\"og:description\" content=\"Notre Consortium Nous mettons en relation des centaines de chercheurs de 28 r\u00e9seaux, 11 unit\u00e9s d&rsquo;essai, des patients-partenaires, l&rsquo;industrie biotechnologique, le gouvernement et des experts en mati\u00e8re de processus d&rsquo;\u00e9valuation \u00e9thique de la recherche, de contrats, d&rsquo;assurance, de processus r\u00e9glementaires, d&rsquo;engagement des patients, de formation aux essais cliniques, de communication, de mobilisation des connaissances &#8211; [&hellip;]\" \/>\n<meta property=\"og:url\" content=\"https:\/\/act-aec.ca\/our-consortium\/\" \/>\n<meta property=\"og:site_name\" content=\"ACT AEC\" \/>\n<meta property=\"article:modified_time\" content=\"2024-01-05T02:18:03+00:00\" \/>\n<meta property=\"og:image\" content=\"https:\/\/act-aec.ca\/wp-content\/uploads\/2023\/11\/ACT23-BW191-1024x387.png\" \/>\n<meta name=\"twitter:card\" content=\"summary_large_image\" \/>\n<meta name=\"twitter:site\" content=\"@ACTAEC\" \/>\n<script type=\"application\/ld+json\" class=\"yoast-schema-graph\">{\"@context\":\"https:\/\/schema.org\",\"@graph\":[{\"@type\":\"WebPage\",\"@id\":\"https:\/\/act-aec.ca\/our-consortium\/\",\"url\":\"https:\/\/act-aec.ca\/our-consortium\/\",\"name\":\"- ACT AEC\",\"isPartOf\":{\"@id\":\"https:\/\/act-aec.ca\/#website\"},\"primaryImageOfPage\":{\"@id\":\"https:\/\/act-aec.ca\/our-consortium\/#primaryimage\"},\"image\":{\"@id\":\"https:\/\/act-aec.ca\/our-consortium\/#primaryimage\"},\"thumbnailUrl\":\"https:\/\/act-aec.ca\/wp-content\/uploads\/2023\/11\/ACT23-BW191-1024x387.png\",\"datePublished\":\"2024-01-05T00:15:09+00:00\",\"dateModified\":\"2024-01-05T02:18:03+00:00\",\"inLanguage\":\"fr-FR\",\"potentialAction\":[{\"@type\":\"ReadAction\",\"target\":[\"https:\/\/act-aec.ca\/our-consortium\/\"]}]},{\"@type\":\"ImageObject\",\"inLanguage\":\"fr-FR\",\"@id\":\"https:\/\/act-aec.ca\/our-consortium\/#primaryimage\",\"url\":\"https:\/\/act-aec.ca\/wp-content\/uploads\/2023\/11\/ACT23-BW191-1024x387.png\",\"contentUrl\":\"https:\/\/act-aec.ca\/wp-content\/uploads\/2023\/11\/ACT23-BW191-1024x387.png\"},{\"@type\":\"WebSite\",\"@id\":\"https:\/\/act-aec.ca\/#website\",\"url\":\"https:\/\/act-aec.ca\/\",\"name\":\"Accelerating Clinical Trials\",\"description\":\"\",\"publisher\":{\"@id\":\"https:\/\/act-aec.ca\/#organization\"},\"potentialAction\":[{\"@type\":\"SearchAction\",\"target\":{\"@type\":\"EntryPoint\",\"urlTemplate\":\"https:\/\/act-aec.ca\/?s={search_term_string}\"},\"query-input\":\"required name=search_term_string\"}],\"inLanguage\":\"fr-FR\"},{\"@type\":\"Organization\",\"@id\":\"https:\/\/act-aec.ca\/#organization\",\"name\":\"ACT Consortium\",\"url\":\"https:\/\/act-aec.ca\/\",\"logo\":{\"@type\":\"ImageObject\",\"inLanguage\":\"fr-FR\",\"@id\":\"https:\/\/act-aec.ca\/#\/schema\/logo\/image\/\",\"url\":\"https:\/\/act-aec.ca\/wp-content\/uploads\/2023\/11\/63c97b160889232097514664_ACTAEC-Logo-1.svg\",\"contentUrl\":\"https:\/\/act-aec.ca\/wp-content\/uploads\/2023\/11\/63c97b160889232097514664_ACTAEC-Logo-1.svg\",\"width\":226,\"height\":76,\"caption\":\"ACT Consortium\"},\"image\":{\"@id\":\"https:\/\/act-aec.ca\/#\/schema\/logo\/image\/\"},\"sameAs\":[\"https:\/\/x.com\/ACTAEC\"]}]}<\/script>\n<!-- \/ Yoast SEO plugin. -->","yoast_head_json":{"title":"- ACT AEC","robots":{"index":"index","follow":"follow","max-snippet":"max-snippet:-1","max-image-preview":"max-image-preview:large","max-video-preview":"max-video-preview:-1"},"canonical":"https:\/\/act-aec.ca\/our-consortium\/","og_locale":"fr_FR","og_type":"article","og_title":"- ACT AEC","og_description":"Notre Consortium Nous mettons en relation des centaines de chercheurs de 28 r\u00e9seaux, 11 unit\u00e9s d&rsquo;essai, des patients-partenaires, l&rsquo;industrie biotechnologique, le gouvernement et des experts en mati\u00e8re de processus d&rsquo;\u00e9valuation \u00e9thique de la recherche, de contrats, d&rsquo;assurance, de processus r\u00e9glementaires, d&rsquo;engagement des patients, de formation aux essais cliniques, de communication, de mobilisation des connaissances &#8211; [&hellip;]","og_url":"https:\/\/act-aec.ca\/our-consortium\/","og_site_name":"ACT AEC","article_modified_time":"2024-01-05T02:18:03+00:00","og_image":[{"url":"https:\/\/act-aec.ca\/wp-content\/uploads\/2023\/11\/ACT23-BW191-1024x387.png"}],"twitter_card":"summary_large_image","twitter_site":"@ACTAEC","schema":{"@context":"https:\/\/schema.org","@graph":[{"@type":"WebPage","@id":"https:\/\/act-aec.ca\/our-consortium\/","url":"https:\/\/act-aec.ca\/our-consortium\/","name":"- ACT AEC","isPartOf":{"@id":"https:\/\/act-aec.ca\/#website"},"primaryImageOfPage":{"@id":"https:\/\/act-aec.ca\/our-consortium\/#primaryimage"},"image":{"@id":"https:\/\/act-aec.ca\/our-consortium\/#primaryimage"},"thumbnailUrl":"https:\/\/act-aec.ca\/wp-content\/uploads\/2023\/11\/ACT23-BW191-1024x387.png","datePublished":"2024-01-05T00:15:09+00:00","dateModified":"2024-01-05T02:18:03+00:00","inLanguage":"fr-FR","potentialAction":[{"@type":"ReadAction","target":["https:\/\/act-aec.ca\/our-consortium\/"]}]},{"@type":"ImageObject","inLanguage":"fr-FR","@id":"https:\/\/act-aec.ca\/our-consortium\/#primaryimage","url":"https:\/\/act-aec.ca\/wp-content\/uploads\/2023\/11\/ACT23-BW191-1024x387.png","contentUrl":"https:\/\/act-aec.ca\/wp-content\/uploads\/2023\/11\/ACT23-BW191-1024x387.png"},{"@type":"WebSite","@id":"https:\/\/act-aec.ca\/#website","url":"https:\/\/act-aec.ca\/","name":"Accelerating Clinical Trials","description":"","publisher":{"@id":"https:\/\/act-aec.ca\/#organization"},"potentialAction":[{"@type":"SearchAction","target":{"@type":"EntryPoint","urlTemplate":"https:\/\/act-aec.ca\/?s={search_term_string}"},"query-input":"required name=search_term_string"}],"inLanguage":"fr-FR"},{"@type":"Organization","@id":"https:\/\/act-aec.ca\/#organization","name":"ACT Consortium","url":"https:\/\/act-aec.ca\/","logo":{"@type":"ImageObject","inLanguage":"fr-FR","@id":"https:\/\/act-aec.ca\/#\/schema\/logo\/image\/","url":"https:\/\/act-aec.ca\/wp-content\/uploads\/2023\/11\/63c97b160889232097514664_ACTAEC-Logo-1.svg","contentUrl":"https:\/\/act-aec.ca\/wp-content\/uploads\/2023\/11\/63c97b160889232097514664_ACTAEC-Logo-1.svg","width":226,"height":76,"caption":"ACT Consortium"},"image":{"@id":"https:\/\/act-aec.ca\/#\/schema\/logo\/image\/"},"sameAs":["https:\/\/x.com\/ACTAEC"]}]}},"_links":{"self":[{"href":"https:\/\/act-aec.ca\/fr\/wp-json\/wp\/v2\/pages\/640","targetHints":{"allow":["GET"]}}],"collection":[{"href":"https:\/\/act-aec.ca\/fr\/wp-json\/wp\/v2\/pages"}],"about":[{"href":"https:\/\/act-aec.ca\/fr\/wp-json\/wp\/v2\/types\/page"}],"author":[{"embeddable":true,"href":"https:\/\/act-aec.ca\/fr\/wp-json\/wp\/v2\/users\/1"}],"replies":[{"embeddable":true,"href":"https:\/\/act-aec.ca\/fr\/wp-json\/wp\/v2\/comments?post=640"}],"version-history":[{"count":0,"href":"https:\/\/act-aec.ca\/fr\/wp-json\/wp\/v2\/pages\/640\/revisions"}],"wp:attachment":[{"href":"https:\/\/act-aec.ca\/fr\/wp-json\/wp\/v2\/media?parent=640"}],"curies":[{"name":"wp","href":"https:\/\/api.w.org\/{rel}","templated":true}]}}