{"id":613,"date":"2024-01-04T23:45:10","date_gmt":"2024-01-04T23:45:10","guid":{"rendered":"https:\/\/act-aec.ca\/?page_id=613"},"modified":"2024-01-05T02:03:56","modified_gmt":"2024-01-05T02:03:56","slug":"engagement-en-faveur-de-lequite-de-la-diversite-de-linclusion-et-de-lindigeneite","status":"publish","type":"page","link":"https:\/\/act-aec.ca\/fr\/engagement-en-faveur-de-lequite-de-la-diversite-de-linclusion-et-de-lindigeneite\/","title":{"rendered":"Engagement en faveur de l&rsquo;\u00e9quit\u00e9, de la diversit\u00e9, de l&rsquo;inclusion et de l&rsquo;indig\u00e9n\u00e9it\u00e9"},"content":{"rendered":"\t\t<div data-elementor-type=\"wp-page\" data-elementor-id=\"613\" class=\"elementor elementor-613 elementor-612\" data-elementor-post-type=\"page\">\n\t\t\t\t<div class=\"elementor-element elementor-element-1d603cc e-flex e-con-boxed e-con e-parent\" data-id=\"1d603cc\" data-element_type=\"container\">\n\t\t\t\t\t<div class=\"e-con-inner\">\n\t\t\t\t<div class=\"elementor-element elementor-element-0adf4c5 elementor-widget elementor-widget-spacer\" data-id=\"0adf4c5\" data-element_type=\"widget\" data-widget_type=\"spacer.default\">\n\t\t\t\t<div class=\"elementor-widget-container\">\n\t\t\t<style>\/*! elementor - v3.21.0 - 08-05-2024 *\/\n.elementor-column .elementor-spacer-inner{height:var(--spacer-size)}.e-con{--container-widget-width:100%}.e-con-inner>.elementor-widget-spacer,.e-con>.elementor-widget-spacer{width:var(--container-widget-width,var(--spacer-size));--align-self:var(--container-widget-align-self,initial);--flex-shrink:0}.e-con-inner>.elementor-widget-spacer>.elementor-widget-container,.e-con>.elementor-widget-spacer>.elementor-widget-container{height:100%;width:100%}.e-con-inner>.elementor-widget-spacer>.elementor-widget-container>.elementor-spacer,.e-con>.elementor-widget-spacer>.elementor-widget-container>.elementor-spacer{height:100%}.e-con-inner>.elementor-widget-spacer>.elementor-widget-container>.elementor-spacer>.elementor-spacer-inner,.e-con>.elementor-widget-spacer>.elementor-widget-container>.elementor-spacer>.elementor-spacer-inner{height:var(--container-widget-height,var(--spacer-size))}.e-con-inner>.elementor-widget-spacer.elementor-widget-empty,.e-con>.elementor-widget-spacer.elementor-widget-empty{position:relative;min-height:22px;min-width:22px}.e-con-inner>.elementor-widget-spacer.elementor-widget-empty .elementor-widget-empty-icon,.e-con>.elementor-widget-spacer.elementor-widget-empty .elementor-widget-empty-icon{position:absolute;top:0;bottom:0;left:0;right:0;margin:auto;padding:0;width:22px;height:22px}<\/style>\t\t<div class=\"elementor-spacer\">\n\t\t\t<div class=\"elementor-spacer-inner\"><\/div>\n\t\t<\/div>\n\t\t\t\t<\/div>\n\t\t\t\t<\/div>\n\t\t\t\t<div class=\"elementor-element elementor-element-c549929 elementor-widget elementor-widget-text-editor\" data-id=\"c549929\" data-element_type=\"widget\" data-widget_type=\"text-editor.default\">\n\t\t\t\t<div class=\"elementor-widget-container\">\n\t\t\t<style>\/*! elementor - v3.21.0 - 08-05-2024 *\/\n.elementor-widget-text-editor.elementor-drop-cap-view-stacked .elementor-drop-cap{background-color:#69727d;color:#fff}.elementor-widget-text-editor.elementor-drop-cap-view-framed .elementor-drop-cap{color:#69727d;border:3px solid;background-color:transparent}.elementor-widget-text-editor:not(.elementor-drop-cap-view-default) .elementor-drop-cap{margin-top:8px}.elementor-widget-text-editor:not(.elementor-drop-cap-view-default) .elementor-drop-cap-letter{width:1em;height:1em}.elementor-widget-text-editor .elementor-drop-cap{float:left;text-align:center;line-height:1;font-size:50px}.elementor-widget-text-editor .elementor-drop-cap-letter{display:inline-block}<\/style>\t\t\t\t<p class=\"s8\"><span class=\"s7\">Le principe directeur central du consortium AEC est que <\/span><span class=\"s7\">toutes<\/span><span class=\"s7\"> nos activit\u00e9s faciliteront la r\u00e9alisation et la mise en \u0153uvre des r\u00e9sultats d&rsquo;essais contr\u00f4l\u00e9s randomis\u00e9s (ECR) de haute qualit\u00e9 et \u00e0 fort impact, men\u00e9s au Canada, afin d&rsquo;am\u00e9liorer la sant\u00e9.<\/span><\/p><p class=\"s8\"><span class=\"s7\">L&rsquo;AEC favorisera un acc\u00e8s \u00e9quitable aux essais pour tous les Canadiens &#8211; quel que soit leur lieu de r\u00e9sidence, leur sexe, leur origine ethnique et leur statut socio-\u00e9conomique &#8211; en suivant les principes d&rsquo;\u00e9quit\u00e9, de diversit\u00e9 et d&rsquo;inclusion dans les essais cliniques, de sorte que les connaissances acquises soient applicables \u00e0 toutes les personnes concern\u00e9es.<\/span><span class=\"s7\"> (<\/span><span class=\"s9\">Acc\u00e9l\u00e9ration des essais cliniques (act-aec.ca)).<\/span><\/p><p class=\"s8\"><span class=\"s7\">Notre engagement en faveur de <\/span><strong><span class=\"s10\">l&rsquo;\u00e9quit\u00e9 <\/span><\/strong><span class=\"s7\">vise \u00e0 cr\u00e9er des conditions \u00e9quitables et adapt\u00e9es pour que tous les groupes de la population canadienne puissent participer et \u00eatre repr\u00e9sent\u00e9s dans les essais cliniques de mani\u00e8re pr\u00e9cise et b\u00e9n\u00e9fique pour leur sant\u00e9. Nous reconnaissons que les multiples diff\u00e9rences sociales et identitaires (li\u00e9es \u00e0 l&rsquo;ethnicit\u00e9, \u00e0 la langue, \u00e0 l&rsquo;\u00e2ge, \u00e0 l&rsquo;identit\u00e9 de genre, \u00e0 la condition et \u00e0 l&rsquo;orientation sexuelles, <\/span><span class=\"s7\">humaines<\/span> <span class=\"s7\">humaines, <\/span> <span class=\"s7\">) des groupes de population canadiens ont influenc\u00e9 leur acc\u00e8s in\u00e9gal aux essais cliniques et aux traitements correspondants. Le Consortium AEC a pour objectif de comprendre les barri\u00e8res syst\u00e9miques qui emp\u00eachent ces groupes d&rsquo;avoir un acc\u00e8s \u00e9quitable aux essais cliniques, d&rsquo;aborder ces barri\u00e8res avec les membres de ces groupes, d&rsquo;identifier les facilitateurs et de cr\u00e9er avec eux des m\u00e9thodes permettant de comprendre et d&rsquo;aborder ces in\u00e9galit\u00e9s. S&rsquo;inspirant de cette vision, AEC promeut des essais cliniques capables d&rsquo;int\u00e9grer des groupes historiquement marginalis\u00e9s en fonction de leurs priorit\u00e9s, <\/span><span class=\"s7\">langues<\/span><span class=\"s7\"> et des visions. <\/span><\/p><p class=\"s8\"><span class=\"s7\">Notre engagement en faveur de la <\/span><strong><span class=\"s10\">diversit\u00e9 <\/span><\/strong><span class=\"s7\">commence par reconna\u00eetre les multiples facteurs identitaires et sociaux qui caract\u00e9risent la population canadienne en tant que source d&rsquo;innovation. Le consortium AEC promeut la diversit\u00e9 dans trois domaines. 1) en facilitant la cr\u00e9ation et le maintien d&rsquo;\u00e9quipes et de r\u00e9seaux de chercheurs et de stagiaires <\/span><span class=\"s7\">diversifi\u00e9s avec<\/span><span class=\"s7\"> diff\u00e9rents niveaux d&rsquo;exp\u00e9rience<\/span><span class=\"s7\">, <\/span><span class=\"s7\">connaissances<\/span><span class=\"s7\"> et d\u00e9mographiques. 2) En encourageant les dialogues participatifs entre divers groupes de patients ayant une exp\u00e9rience de vie, de cliniciens, de soignants, d&rsquo;utilisateurs des connaissances et de chercheurs, afin de cr\u00e9er des solutions inclusives. 3) En reconnaissant, dans les phases d&rsquo;analyse, de collecte des donn\u00e9es et de diffusion de la recherche, la diversit\u00e9 inh\u00e9rente aux groupes de population canadiens. L&rsquo;AEC proc\u00e9dera \u00e0 une analyse fond\u00e9e sur le genre et \u00e0 des approches intersectionnelles afin de reconna\u00eetre les in\u00e9galit\u00e9s de pouvoir li\u00e9es \u00e0 ces diversit\u00e9s. <\/span><span class=\"s7\">comme moyen de<\/span><span class=\"s7\"> de les traiter. <\/span><\/p><p class=\"s8\"><span class=\"s7\">Notre engagement en faveur de <\/span><strong><span class=\"s10\">l&rsquo;inclusion <\/span><\/strong><span class=\"s7\">vise \u00e0 garantir que les groupes historiquement marginalis\u00e9s dans les essais cliniques soient repr\u00e9sent\u00e9s dans les innovations produites et puissent en b\u00e9n\u00e9ficier. Le consortium AEC sera innovant non seulement dans les r\u00e9sultats, mais aussi dans les m\u00e9thodes et les protocoles afin de s&rsquo;assurer que les diff\u00e9rentes formes de connaissances &#8211; bas\u00e9es sur la science et l&rsquo;exp\u00e9rience &#8211; sont \u00e9galement valoris\u00e9es. L&rsquo;AEC cr\u00e9era toutes les conditions pour que ses multiples collaborateurs puissent exprimer leurs id\u00e9es, leurs questions et leurs propositions dans des espaces stimulants, exempts de harc\u00e8lement et de discrimination. <\/span><\/p><p class=\"s8\"><span class=\"s7\">Gr\u00e2ce \u00e0 notre<\/span><span class=\"s7\">otre engagement en faveur de <\/span><strong><span class=\"s10\">l&rsquo;indig\u00e9n\u00e9it\u00e9<\/span><\/strong><span class=\"s10\">, <\/span><span class=\"s7\">AEC<\/span><span class=\"s7\">reconna\u00eet le r\u00f4le essentiel des populations autochtones dans l&rsquo;am\u00e9lioration des r\u00e9sultats des soins de sant\u00e9 et de la recherche pour tous les Canadiens.<\/span><span class=\"s7\">. Nous contribuons \u00e0 <\/span><span class=\"s7\">d\u00e9coloniser les essais cliniques et les mettre au service des populations autochtones<\/span><span class=\"s7\">. Dans ce but<\/span><span class=\"s7\">L&rsquo;AEC travaille <\/span><span class=\"s7\">avec et pour les populations indig\u00e8nes. <\/span><span class=\"s7\">W<\/span><span class=\"s7\">ous nous engageons \u00e0 <\/span><span class=\"s7\">une recherche qui<\/span><span class=\"s7\"> valorise et inclut les visions des populations autochtones et reconna\u00eet l&rsquo;importance des anciens, des promoteurs de la sant\u00e9 et des communaut\u00e9s autochtones en mati\u00e8re de sant\u00e9 et de bien-\u00eatre. Lorsqu&rsquo;elle m\u00e8ne des recherches avec les Premi\u00e8res Nations, AEC s&rsquo;engage \u00e0 <\/span><span class=\"s11\">respecter <\/span><a href=\"https:\/\/fnigc.ca\/ocap-training\/?adlt=strict\"><span class=\"s12\">les principes de propri\u00e9t\u00e9, de contr\u00f4le, d&rsquo;acc\u00e8s et de possession (PCAP) des donn\u00e9es de recherche des Premi\u00e8res nations, <\/span><\/a><span class=\"s11\">la <\/span><a href=\"https:\/\/www.itk.ca\/wp-content\/uploads\/2018\/04\/ITK_NISR-Report_English_low_res.pdf\"><span class=\"s13\">Strat\u00e9gie nationale inuite sur la recherche <\/span><\/a><span class=\"s11\">ou les <\/span><a href=\"https:\/\/achh.ca\/wp-content\/uploads\/2018\/07\/Guide_Ethics_NAHOMetisCentre.pdf\"><span class=\"s13\">Principes d&rsquo;\u00e9thique de la recherche m\u00e9tisse<\/span><\/a><span class=\"s11\">.<\/span><\/p><p>\u00a0<\/p><p class=\"s14\"><strong><span class=\"s10\">VALEURS : <\/span><\/strong><\/p><p class=\"s14\"><span class=\"s7\">Notre approche de l&rsquo;EDI sera mise en \u0153uvre sous les valeurs de c<\/span><span class=\"s7\">ollaboration, <\/span><span class=\"s7\">l&rsquo;humilit\u00e9 culturelle, l&rsquo;apprentissage <\/span><span class=\"s7\">d&rsquo;apprentissage<\/span><span class=\"s7\"> et d&rsquo;<\/span><span class=\"s7\"> adaptabilit\u00e9<\/span><span class=\"s7\">.<\/span><\/p><p>\u00a0<\/p><p>\u00a0<\/p>\t\t\t\t\t\t<\/div>\n\t\t\t\t<\/div>\n\t\t\t\t\t<\/div>\n\t\t\t\t<\/div>\n\t\t\t\t<\/div>\n\t\t","protected":false},"excerpt":{"rendered":"<p>Le principe directeur central du consortium AEC est que toutes nos activit\u00e9s faciliteront la r\u00e9alisation et la mise en \u0153uvre des r\u00e9sultats d&rsquo;essais contr\u00f4l\u00e9s randomis\u00e9s (ECR) de haute qualit\u00e9 et \u00e0 fort impact, men\u00e9s au Canada, afin d&rsquo;am\u00e9liorer la sant\u00e9. L&rsquo;AEC favorisera un acc\u00e8s \u00e9quitable aux essais pour tous les Canadiens &#8211; quel que soit [&hellip;]<\/p>\n","protected":false},"author":1,"featured_media":0,"parent":0,"menu_order":0,"comment_status":"closed","ping_status":"closed","template":"","meta":{"footnotes":""},"class_list":["post-613","page","type-page","status-publish","hentry"],"acf":[],"yoast_head":"<!-- This site is optimized with the Yoast SEO plugin v22.6 - https:\/\/yoast.com\/wordpress\/plugins\/seo\/ -->\n<title>Engagement en faveur de l&#039;\u00e9quit\u00e9, de la diversit\u00e9, de l&#039;inclusion et de l&#039;indig\u00e9n\u00e9it\u00e9 - ACT AEC<\/title>\n<meta name=\"robots\" content=\"index, follow, max-snippet:-1, max-image-preview:large, max-video-preview:-1\" \/>\n<link rel=\"canonical\" href=\"https:\/\/act-aec.ca\/commitment-to-equity-diversity-inclusion-indigeneity\/\" \/>\n<meta property=\"og:locale\" content=\"fr_FR\" \/>\n<meta property=\"og:type\" content=\"article\" \/>\n<meta property=\"og:title\" content=\"Engagement en faveur de l&#039;\u00e9quit\u00e9, de la diversit\u00e9, de l&#039;inclusion et de l&#039;indig\u00e9n\u00e9it\u00e9 - ACT AEC\" \/>\n<meta property=\"og:description\" content=\"Le principe directeur central du consortium AEC est que toutes nos activit\u00e9s faciliteront la r\u00e9alisation et la mise en \u0153uvre des r\u00e9sultats d&rsquo;essais contr\u00f4l\u00e9s randomis\u00e9s (ECR) de haute qualit\u00e9 et \u00e0 fort impact, men\u00e9s au Canada, afin d&rsquo;am\u00e9liorer la sant\u00e9. L&rsquo;AEC favorisera un acc\u00e8s \u00e9quitable aux essais pour tous les Canadiens &#8211; quel que soit [&hellip;]\" \/>\n<meta property=\"og:url\" content=\"https:\/\/act-aec.ca\/commitment-to-equity-diversity-inclusion-indigeneity\/\" \/>\n<meta property=\"og:site_name\" content=\"ACT AEC\" \/>\n<meta property=\"article:modified_time\" content=\"2024-01-05T02:03:56+00:00\" \/>\n<meta name=\"twitter:card\" content=\"summary_large_image\" \/>\n<meta name=\"twitter:site\" content=\"@ACTAEC\" \/>\n<meta name=\"twitter:label1\" content=\"Dur\u00e9e de lecture estim\u00e9e\" \/>\n\t<meta name=\"twitter:data1\" content=\"4 minutes\" \/>\n<script type=\"application\/ld+json\" class=\"yoast-schema-graph\">{\"@context\":\"https:\/\/schema.org\",\"@graph\":[{\"@type\":\"WebPage\",\"@id\":\"https:\/\/act-aec.ca\/commitment-to-equity-diversity-inclusion-indigeneity\/\",\"url\":\"https:\/\/act-aec.ca\/commitment-to-equity-diversity-inclusion-indigeneity\/\",\"name\":\"Engagement en faveur de l'\u00e9quit\u00e9, de la diversit\u00e9, de l'inclusion et de l'indig\u00e9n\u00e9it\u00e9 - ACT AEC\",\"isPartOf\":{\"@id\":\"https:\/\/act-aec.ca\/#website\"},\"datePublished\":\"2024-01-04T23:45:10+00:00\",\"dateModified\":\"2024-01-05T02:03:56+00:00\",\"breadcrumb\":{\"@id\":\"https:\/\/act-aec.ca\/commitment-to-equity-diversity-inclusion-indigeneity\/#breadcrumb\"},\"inLanguage\":\"fr-FR\",\"potentialAction\":[{\"@type\":\"ReadAction\",\"target\":[\"https:\/\/act-aec.ca\/commitment-to-equity-diversity-inclusion-indigeneity\/\"]}]},{\"@type\":\"BreadcrumbList\",\"@id\":\"https:\/\/act-aec.ca\/commitment-to-equity-diversity-inclusion-indigeneity\/#breadcrumb\",\"itemListElement\":[{\"@type\":\"ListItem\",\"position\":1,\"name\":\"Home\",\"item\":\"https:\/\/act-aec.ca\/\"},{\"@type\":\"ListItem\",\"position\":2,\"name\":\"Engagement en faveur de l&#8217;\u00e9quit\u00e9, de la diversit\u00e9, de l&#8217;inclusion et de l&#8217;indig\u00e9n\u00e9it\u00e9\"}]},{\"@type\":\"WebSite\",\"@id\":\"https:\/\/act-aec.ca\/#website\",\"url\":\"https:\/\/act-aec.ca\/\",\"name\":\"Accelerating Clinical Trials\",\"description\":\"\",\"publisher\":{\"@id\":\"https:\/\/act-aec.ca\/#organization\"},\"potentialAction\":[{\"@type\":\"SearchAction\",\"target\":{\"@type\":\"EntryPoint\",\"urlTemplate\":\"https:\/\/act-aec.ca\/?s={search_term_string}\"},\"query-input\":\"required name=search_term_string\"}],\"inLanguage\":\"fr-FR\"},{\"@type\":\"Organization\",\"@id\":\"https:\/\/act-aec.ca\/#organization\",\"name\":\"ACT Consortium\",\"url\":\"https:\/\/act-aec.ca\/\",\"logo\":{\"@type\":\"ImageObject\",\"inLanguage\":\"fr-FR\",\"@id\":\"https:\/\/act-aec.ca\/#\/schema\/logo\/image\/\",\"url\":\"https:\/\/act-aec.ca\/wp-content\/uploads\/2023\/11\/63c97b160889232097514664_ACTAEC-Logo-1.svg\",\"contentUrl\":\"https:\/\/act-aec.ca\/wp-content\/uploads\/2023\/11\/63c97b160889232097514664_ACTAEC-Logo-1.svg\",\"width\":226,\"height\":76,\"caption\":\"ACT Consortium\"},\"image\":{\"@id\":\"https:\/\/act-aec.ca\/#\/schema\/logo\/image\/\"},\"sameAs\":[\"https:\/\/x.com\/ACTAEC\"]}]}<\/script>\n<!-- \/ Yoast SEO plugin. -->","yoast_head_json":{"title":"Engagement en faveur de l'\u00e9quit\u00e9, de la diversit\u00e9, de l'inclusion et de l'indig\u00e9n\u00e9it\u00e9 - ACT AEC","robots":{"index":"index","follow":"follow","max-snippet":"max-snippet:-1","max-image-preview":"max-image-preview:large","max-video-preview":"max-video-preview:-1"},"canonical":"https:\/\/act-aec.ca\/commitment-to-equity-diversity-inclusion-indigeneity\/","og_locale":"fr_FR","og_type":"article","og_title":"Engagement en faveur de l'\u00e9quit\u00e9, de la diversit\u00e9, de l'inclusion et de l'indig\u00e9n\u00e9it\u00e9 - ACT AEC","og_description":"Le principe directeur central du consortium AEC est que toutes nos activit\u00e9s faciliteront la r\u00e9alisation et la mise en \u0153uvre des r\u00e9sultats d&rsquo;essais contr\u00f4l\u00e9s randomis\u00e9s (ECR) de haute qualit\u00e9 et \u00e0 fort impact, men\u00e9s au Canada, afin d&rsquo;am\u00e9liorer la sant\u00e9. L&rsquo;AEC favorisera un acc\u00e8s \u00e9quitable aux essais pour tous les Canadiens &#8211; quel que soit [&hellip;]","og_url":"https:\/\/act-aec.ca\/commitment-to-equity-diversity-inclusion-indigeneity\/","og_site_name":"ACT AEC","article_modified_time":"2024-01-05T02:03:56+00:00","twitter_card":"summary_large_image","twitter_site":"@ACTAEC","twitter_misc":{"Dur\u00e9e de lecture estim\u00e9e":"4 minutes"},"schema":{"@context":"https:\/\/schema.org","@graph":[{"@type":"WebPage","@id":"https:\/\/act-aec.ca\/commitment-to-equity-diversity-inclusion-indigeneity\/","url":"https:\/\/act-aec.ca\/commitment-to-equity-diversity-inclusion-indigeneity\/","name":"Engagement en faveur de l'\u00e9quit\u00e9, de la diversit\u00e9, de l'inclusion et de l'indig\u00e9n\u00e9it\u00e9 - ACT AEC","isPartOf":{"@id":"https:\/\/act-aec.ca\/#website"},"datePublished":"2024-01-04T23:45:10+00:00","dateModified":"2024-01-05T02:03:56+00:00","breadcrumb":{"@id":"https:\/\/act-aec.ca\/commitment-to-equity-diversity-inclusion-indigeneity\/#breadcrumb"},"inLanguage":"fr-FR","potentialAction":[{"@type":"ReadAction","target":["https:\/\/act-aec.ca\/commitment-to-equity-diversity-inclusion-indigeneity\/"]}]},{"@type":"BreadcrumbList","@id":"https:\/\/act-aec.ca\/commitment-to-equity-diversity-inclusion-indigeneity\/#breadcrumb","itemListElement":[{"@type":"ListItem","position":1,"name":"Home","item":"https:\/\/act-aec.ca\/"},{"@type":"ListItem","position":2,"name":"Engagement en faveur de l&#8217;\u00e9quit\u00e9, de la diversit\u00e9, de l&#8217;inclusion et de l&#8217;indig\u00e9n\u00e9it\u00e9"}]},{"@type":"WebSite","@id":"https:\/\/act-aec.ca\/#website","url":"https:\/\/act-aec.ca\/","name":"Accelerating Clinical Trials","description":"","publisher":{"@id":"https:\/\/act-aec.ca\/#organization"},"potentialAction":[{"@type":"SearchAction","target":{"@type":"EntryPoint","urlTemplate":"https:\/\/act-aec.ca\/?s={search_term_string}"},"query-input":"required name=search_term_string"}],"inLanguage":"fr-FR"},{"@type":"Organization","@id":"https:\/\/act-aec.ca\/#organization","name":"ACT Consortium","url":"https:\/\/act-aec.ca\/","logo":{"@type":"ImageObject","inLanguage":"fr-FR","@id":"https:\/\/act-aec.ca\/#\/schema\/logo\/image\/","url":"https:\/\/act-aec.ca\/wp-content\/uploads\/2023\/11\/63c97b160889232097514664_ACTAEC-Logo-1.svg","contentUrl":"https:\/\/act-aec.ca\/wp-content\/uploads\/2023\/11\/63c97b160889232097514664_ACTAEC-Logo-1.svg","width":226,"height":76,"caption":"ACT Consortium"},"image":{"@id":"https:\/\/act-aec.ca\/#\/schema\/logo\/image\/"},"sameAs":["https:\/\/x.com\/ACTAEC"]}]}},"_links":{"self":[{"href":"https:\/\/act-aec.ca\/fr\/wp-json\/wp\/v2\/pages\/613","targetHints":{"allow":["GET"]}}],"collection":[{"href":"https:\/\/act-aec.ca\/fr\/wp-json\/wp\/v2\/pages"}],"about":[{"href":"https:\/\/act-aec.ca\/fr\/wp-json\/wp\/v2\/types\/page"}],"author":[{"embeddable":true,"href":"https:\/\/act-aec.ca\/fr\/wp-json\/wp\/v2\/users\/1"}],"replies":[{"embeddable":true,"href":"https:\/\/act-aec.ca\/fr\/wp-json\/wp\/v2\/comments?post=613"}],"version-history":[{"count":0,"href":"https:\/\/act-aec.ca\/fr\/wp-json\/wp\/v2\/pages\/613\/revisions"}],"wp:attachment":[{"href":"https:\/\/act-aec.ca\/fr\/wp-json\/wp\/v2\/media?parent=613"}],"curies":[{"name":"wp","href":"https:\/\/api.w.org\/{rel}","templated":true}]}}