{"id":594,"date":"2023-12-04T15:58:59","date_gmt":"2023-12-04T15:58:59","guid":{"rendered":"https:\/\/act-aec.ca\/bibliotheque\/"},"modified":"2023-12-11T20:51:17","modified_gmt":"2023-12-11T20:51:17","slug":"bibliotheque","status":"publish","type":"page","link":"https:\/\/act-aec.ca\/fr\/bibliotheque\/","title":{"rendered":"Biblioth\u00e8que"},"content":{"rendered":"\t\t<div data-elementor-type=\"wp-page\" data-elementor-id=\"594\" class=\"elementor elementor-594 elementor-578\" data-elementor-post-type=\"page\">\n\t\t\t\t<div class=\"elementor-element elementor-element-6445fb8 e-flex e-con-boxed e-con e-parent\" data-id=\"6445fb8\" data-element_type=\"container\">\n\t\t\t\t\t<div class=\"e-con-inner\">\n\t\t\t\t<div class=\"elementor-element elementor-element-02ad5ab dce_masking-none elementor-widget elementor-widget-image\" data-id=\"02ad5ab\" data-element_type=\"widget\" data-widget_type=\"image.default\">\n\t\t\t\t<div class=\"elementor-widget-container\">\n\t\t\t<style>\/*! elementor - v3.21.0 - 08-05-2024 *\/\n.elementor-widget-image{text-align:center}.elementor-widget-image a{display:inline-block}.elementor-widget-image a img[src$=\".svg\"]{width:48px}.elementor-widget-image img{vertical-align:middle;display:inline-block}<\/style>\t\t\t\t\t\t\t\t\t\t<img fetchpriority=\"high\" decoding=\"async\" width=\"2560\" height=\"440\" src=\"https:\/\/act-aec.ca\/wp-content\/uploads\/2023\/11\/pexels-olga-lioncat-7244562-1-scaled.jpg\" class=\"attachment-full size-full wp-image-566\" alt=\"\" srcset=\"https:\/\/act-aec.ca\/wp-content\/uploads\/2023\/11\/pexels-olga-lioncat-7244562-1-scaled.jpg 2560w, https:\/\/act-aec.ca\/wp-content\/uploads\/2023\/11\/pexels-olga-lioncat-7244562-1-300x52.jpg 300w, https:\/\/act-aec.ca\/wp-content\/uploads\/2023\/11\/pexels-olga-lioncat-7244562-1-1024x176.jpg 1024w, https:\/\/act-aec.ca\/wp-content\/uploads\/2023\/11\/pexels-olga-lioncat-7244562-1-768x132.jpg 768w, https:\/\/act-aec.ca\/wp-content\/uploads\/2023\/11\/pexels-olga-lioncat-7244562-1-1536x264.jpg 1536w, https:\/\/act-aec.ca\/wp-content\/uploads\/2023\/11\/pexels-olga-lioncat-7244562-1-2048x352.jpg 2048w\" sizes=\"(max-width: 2560px) 100vw, 2560px\" \/>\t\t\t\t\t\t\t\t\t\t\t\t\t<\/div>\n\t\t\t\t<\/div>\n\t\t\t\t<div class=\"elementor-element elementor-element-3df8753 elementor-widget elementor-widget-text-editor\" data-id=\"3df8753\" data-element_type=\"widget\" data-widget_type=\"text-editor.default\">\n\t\t\t\t<div class=\"elementor-widget-container\">\n\t\t\t<style>\/*! elementor - v3.21.0 - 08-05-2024 *\/\n.elementor-widget-text-editor.elementor-drop-cap-view-stacked .elementor-drop-cap{background-color:#69727d;color:#fff}.elementor-widget-text-editor.elementor-drop-cap-view-framed .elementor-drop-cap{color:#69727d;border:3px solid;background-color:transparent}.elementor-widget-text-editor:not(.elementor-drop-cap-view-default) .elementor-drop-cap{margin-top:8px}.elementor-widget-text-editor:not(.elementor-drop-cap-view-default) .elementor-drop-cap-letter{width:1em;height:1em}.elementor-widget-text-editor .elementor-drop-cap{float:left;text-align:center;line-height:1;font-size:50px}.elementor-widget-text-editor .elementor-drop-cap-letter{display:inline-block}<\/style>\t\t\t\t<p><strong>Publications :<\/strong><\/p><p>Les publications suivantes sont le fruit du premier appel \u00e0 candidatures d&rsquo;ACT-AEC pour le premi\u00e8re Appel d\u2019offres en cours et actifs, \u00e0 fort impact et dirig\u00e9s par des Canadiens, qui n\u00e9cessitaient un financement suppl\u00e9mentaire :<\/p><p>\u00a0<\/p><p><strong>ARTESIA \u2013 <\/strong><span class=\"ui-provider ed azl azm azn azo azp azq azr azs azt azu azv azw azx azy azz baa bab bac bae baf bag bah bai baj bak bal bam ban bao bap baq bar bas bat\" dir=\"ltr\">Healey JS, Lopes RD, Granger CB, et al. Apixaban for Stroke Prevention in Subclinical Atrial Fibrillation. <i>N Engl J Med<\/i>. Published online November 12, 2023. doi:10.1056\/NEJMoa2310234<\/span><\/p><ul><li>Cet essai \u00e9tudie l&rsquo;efficacit\u00e9 et la s\u00e9curit\u00e9 de l&rsquo;apixaban, un anticoagulant oral, dans la pr\u00e9vention des accidents vasculaires c\u00e9r\u00e9braux chez les patients atteints de fibrillation auriculaire subclinique.<\/li><li><a href=\"https:\/\/www.nejm.org\/doi\/10.1056\/NEJMoa2310234?url_ver=Z39.88-2003&amp;rfr_id=ori:rid:crossref.org&amp;rfr_dat=cr_pub%20%200pubmed\" target=\"_blank\" rel=\"noopener\">Cliquez ici pour acc\u00e9der<\/a><\/li><\/ul><p>\u00a0<\/p><p><strong>COP-AF \u2013 <\/strong>Conen D, Popova E, Cata JP, et al. Effect of colchicine on perioperative atrial fibrillation and myocardial injury after non-cardiac surgery in patients undergoing major thoracic surgery (COP-AF): an international randomised trial. The Lancet (British Edition), 2023;402(10413): 1627\u20131635. doi:10.1016\/S0140-6736(23)01689-6<\/p><ul><li>Cet essai a \u00e9t\u00e9 r\u00e9alis\u00e9 sur 45 sites dans 11 pays afin de d\u00e9terminer l&rsquo;efficacit\u00e9 de la Colchicine, un m\u00e9dicament anti-inflammatoire qui pourrait r\u00e9duire l&rsquo;incidence des biomarqueurs inflammatoires apr\u00e8s une chirurgie non cardiaque (MINS).<\/li><li><a href=\"https:\/\/www.thelancet.com\/journals\/lancet\/article\/PIIS0140-6736(23)01689-6\/fulltext\" target=\"_blank\" rel=\"noopener\">Cliquez ici pour acc\u00e9der<\/a><\/li><\/ul><div>\u00a0<\/div><div>\u00a0<\/div><div><b>EnAKT LKD\u00a0<\/b>\u2013 <span class=\"ui-provider ed azl azm azn azo azp azq azr azs azt azu azv azw azx azy azz baa bab bac bae baf bag bah bai baj bak bal bam ban bao bap baq bar bas bat\" dir=\"ltr\">Garg AX, Yohanna S, Naylor KL, et al. Effect of a Novel Multicomponent Intervention to Improve Patient Access to Kidney Transplant and Living Kidney Donation: The EnAKT LKD Cluster Randomized Clinical Trial. <i>JAMA Intern Med<\/i>. 2023;183(12):1366-1375. doi:10.1001\/jamainternmed.2023.5802<\/span><\/div><div>\u00a0<\/div><ul><li>Cet essai d\u00e9termine si l&rsquo;utilisation d&rsquo;une nouvelle intervention \u00e0 composantes multiples aide les patients \u00e9ligibles \u00e0 une transplantation \u00e0 franchir les \u00e9tapes cl\u00e9s pour recevoir une greffe de rein.<\/li><li><a href=\"https:\/\/jamanetwork.com\/journals\/jamainternalmedicine\/fullarticle\/2811529\" target=\"_blank\" rel=\"noopener\">Cliquez ici pour acc\u00e9der<\/a><\/li><\/ul>\t\t\t\t\t\t<\/div>\n\t\t\t\t<\/div>\n\t\t\t\t\t<\/div>\n\t\t\t\t<\/div>\n\t\t\t\t<\/div>\n\t\t","protected":false},"excerpt":{"rendered":"<p>Publications : Les publications suivantes sont le fruit du premier appel \u00e0 candidatures d&rsquo;ACT-AEC pour le premi\u00e8re Appel d\u2019offres en cours et actifs, \u00e0 fort impact et dirig\u00e9s par des Canadiens, qui n\u00e9cessitaient un financement suppl\u00e9mentaire : \u00a0 ARTESIA \u2013 Healey JS, Lopes RD, Granger CB, et al. Apixaban for Stroke Prevention in Subclinical Atrial [&hellip;]<\/p>\n","protected":false},"author":1,"featured_media":0,"parent":0,"menu_order":0,"comment_status":"closed","ping_status":"closed","template":"","meta":{"footnotes":""},"class_list":["post-594","page","type-page","status-publish","hentry"],"acf":[],"yoast_head":"<!-- This site is optimized with the Yoast SEO plugin v22.6 - https:\/\/yoast.com\/wordpress\/plugins\/seo\/ -->\n<title>Biblioth\u00e8que - ACT AEC<\/title>\n<meta name=\"robots\" content=\"index, follow, max-snippet:-1, max-image-preview:large, max-video-preview:-1\" \/>\n<link rel=\"canonical\" href=\"https:\/\/act-aec.ca\/library\/\" \/>\n<meta property=\"og:locale\" content=\"fr_FR\" \/>\n<meta property=\"og:type\" content=\"article\" \/>\n<meta property=\"og:title\" content=\"Biblioth\u00e8que - ACT AEC\" \/>\n<meta property=\"og:description\" content=\"Publications : Les publications suivantes sont le fruit du premier appel \u00e0 candidatures d&rsquo;ACT-AEC pour le premi\u00e8re Appel d\u2019offres en cours et actifs, \u00e0 fort impact et dirig\u00e9s par des Canadiens, qui n\u00e9cessitaient un financement suppl\u00e9mentaire : \u00a0 ARTESIA \u2013 Healey JS, Lopes RD, Granger CB, et al. Apixaban for Stroke Prevention in Subclinical Atrial [&hellip;]\" \/>\n<meta property=\"og:url\" content=\"https:\/\/act-aec.ca\/library\/\" \/>\n<meta property=\"og:site_name\" content=\"ACT AEC\" \/>\n<meta property=\"article:modified_time\" content=\"2023-12-11T20:51:17+00:00\" \/>\n<meta property=\"og:image\" content=\"https:\/\/act-aec.ca\/wp-content\/uploads\/2023\/11\/pexels-olga-lioncat-7244562-1-scaled.jpg\" \/>\n<meta name=\"twitter:card\" content=\"summary_large_image\" \/>\n<meta name=\"twitter:site\" content=\"@ACTAEC\" \/>\n<meta name=\"twitter:label1\" content=\"Dur\u00e9e de lecture estim\u00e9e\" \/>\n\t<meta name=\"twitter:data1\" content=\"1 minute\" \/>\n<script type=\"application\/ld+json\" class=\"yoast-schema-graph\">{\"@context\":\"https:\/\/schema.org\",\"@graph\":[{\"@type\":\"WebPage\",\"@id\":\"https:\/\/act-aec.ca\/library\/\",\"url\":\"https:\/\/act-aec.ca\/library\/\",\"name\":\"Biblioth\u00e8que - ACT AEC\",\"isPartOf\":{\"@id\":\"https:\/\/act-aec.ca\/#website\"},\"primaryImageOfPage\":{\"@id\":\"https:\/\/act-aec.ca\/library\/#primaryimage\"},\"image\":{\"@id\":\"https:\/\/act-aec.ca\/library\/#primaryimage\"},\"thumbnailUrl\":\"https:\/\/act-aec.ca\/wp-content\/uploads\/2023\/11\/pexels-olga-lioncat-7244562-1-scaled.jpg\",\"datePublished\":\"2023-12-04T15:58:59+00:00\",\"dateModified\":\"2023-12-11T20:51:17+00:00\",\"breadcrumb\":{\"@id\":\"https:\/\/act-aec.ca\/library\/#breadcrumb\"},\"inLanguage\":\"fr-FR\",\"potentialAction\":[{\"@type\":\"ReadAction\",\"target\":[\"https:\/\/act-aec.ca\/library\/\"]}]},{\"@type\":\"ImageObject\",\"inLanguage\":\"fr-FR\",\"@id\":\"https:\/\/act-aec.ca\/library\/#primaryimage\",\"url\":\"https:\/\/act-aec.ca\/wp-content\/uploads\/2023\/11\/pexels-olga-lioncat-7244562-1-scaled.jpg\",\"contentUrl\":\"https:\/\/act-aec.ca\/wp-content\/uploads\/2023\/11\/pexels-olga-lioncat-7244562-1-scaled.jpg\"},{\"@type\":\"BreadcrumbList\",\"@id\":\"https:\/\/act-aec.ca\/library\/#breadcrumb\",\"itemListElement\":[{\"@type\":\"ListItem\",\"position\":1,\"name\":\"Home\",\"item\":\"https:\/\/act-aec.ca\/\"},{\"@type\":\"ListItem\",\"position\":2,\"name\":\"Biblioth\u00e8que\"}]},{\"@type\":\"WebSite\",\"@id\":\"https:\/\/act-aec.ca\/#website\",\"url\":\"https:\/\/act-aec.ca\/\",\"name\":\"Accelerating Clinical Trials\",\"description\":\"\",\"publisher\":{\"@id\":\"https:\/\/act-aec.ca\/#organization\"},\"potentialAction\":[{\"@type\":\"SearchAction\",\"target\":{\"@type\":\"EntryPoint\",\"urlTemplate\":\"https:\/\/act-aec.ca\/?s={search_term_string}\"},\"query-input\":\"required name=search_term_string\"}],\"inLanguage\":\"fr-FR\"},{\"@type\":\"Organization\",\"@id\":\"https:\/\/act-aec.ca\/#organization\",\"name\":\"ACT Consortium\",\"url\":\"https:\/\/act-aec.ca\/\",\"logo\":{\"@type\":\"ImageObject\",\"inLanguage\":\"fr-FR\",\"@id\":\"https:\/\/act-aec.ca\/#\/schema\/logo\/image\/\",\"url\":\"https:\/\/act-aec.ca\/wp-content\/uploads\/2023\/11\/63c97b160889232097514664_ACTAEC-Logo-1.svg\",\"contentUrl\":\"https:\/\/act-aec.ca\/wp-content\/uploads\/2023\/11\/63c97b160889232097514664_ACTAEC-Logo-1.svg\",\"width\":226,\"height\":76,\"caption\":\"ACT Consortium\"},\"image\":{\"@id\":\"https:\/\/act-aec.ca\/#\/schema\/logo\/image\/\"},\"sameAs\":[\"https:\/\/x.com\/ACTAEC\"]}]}<\/script>\n<!-- \/ Yoast SEO plugin. -->","yoast_head_json":{"title":"Biblioth\u00e8que - ACT AEC","robots":{"index":"index","follow":"follow","max-snippet":"max-snippet:-1","max-image-preview":"max-image-preview:large","max-video-preview":"max-video-preview:-1"},"canonical":"https:\/\/act-aec.ca\/library\/","og_locale":"fr_FR","og_type":"article","og_title":"Biblioth\u00e8que - ACT AEC","og_description":"Publications : Les publications suivantes sont le fruit du premier appel \u00e0 candidatures d&rsquo;ACT-AEC pour le premi\u00e8re Appel d\u2019offres en cours et actifs, \u00e0 fort impact et dirig\u00e9s par des Canadiens, qui n\u00e9cessitaient un financement suppl\u00e9mentaire : \u00a0 ARTESIA \u2013 Healey JS, Lopes RD, Granger CB, et al. Apixaban for Stroke Prevention in Subclinical Atrial [&hellip;]","og_url":"https:\/\/act-aec.ca\/library\/","og_site_name":"ACT AEC","article_modified_time":"2023-12-11T20:51:17+00:00","og_image":[{"url":"https:\/\/act-aec.ca\/wp-content\/uploads\/2023\/11\/pexels-olga-lioncat-7244562-1-scaled.jpg"}],"twitter_card":"summary_large_image","twitter_site":"@ACTAEC","twitter_misc":{"Dur\u00e9e de lecture estim\u00e9e":"1 minute"},"schema":{"@context":"https:\/\/schema.org","@graph":[{"@type":"WebPage","@id":"https:\/\/act-aec.ca\/library\/","url":"https:\/\/act-aec.ca\/library\/","name":"Biblioth\u00e8que - ACT AEC","isPartOf":{"@id":"https:\/\/act-aec.ca\/#website"},"primaryImageOfPage":{"@id":"https:\/\/act-aec.ca\/library\/#primaryimage"},"image":{"@id":"https:\/\/act-aec.ca\/library\/#primaryimage"},"thumbnailUrl":"https:\/\/act-aec.ca\/wp-content\/uploads\/2023\/11\/pexels-olga-lioncat-7244562-1-scaled.jpg","datePublished":"2023-12-04T15:58:59+00:00","dateModified":"2023-12-11T20:51:17+00:00","breadcrumb":{"@id":"https:\/\/act-aec.ca\/library\/#breadcrumb"},"inLanguage":"fr-FR","potentialAction":[{"@type":"ReadAction","target":["https:\/\/act-aec.ca\/library\/"]}]},{"@type":"ImageObject","inLanguage":"fr-FR","@id":"https:\/\/act-aec.ca\/library\/#primaryimage","url":"https:\/\/act-aec.ca\/wp-content\/uploads\/2023\/11\/pexels-olga-lioncat-7244562-1-scaled.jpg","contentUrl":"https:\/\/act-aec.ca\/wp-content\/uploads\/2023\/11\/pexels-olga-lioncat-7244562-1-scaled.jpg"},{"@type":"BreadcrumbList","@id":"https:\/\/act-aec.ca\/library\/#breadcrumb","itemListElement":[{"@type":"ListItem","position":1,"name":"Home","item":"https:\/\/act-aec.ca\/"},{"@type":"ListItem","position":2,"name":"Biblioth\u00e8que"}]},{"@type":"WebSite","@id":"https:\/\/act-aec.ca\/#website","url":"https:\/\/act-aec.ca\/","name":"Accelerating Clinical Trials","description":"","publisher":{"@id":"https:\/\/act-aec.ca\/#organization"},"potentialAction":[{"@type":"SearchAction","target":{"@type":"EntryPoint","urlTemplate":"https:\/\/act-aec.ca\/?s={search_term_string}"},"query-input":"required name=search_term_string"}],"inLanguage":"fr-FR"},{"@type":"Organization","@id":"https:\/\/act-aec.ca\/#organization","name":"ACT Consortium","url":"https:\/\/act-aec.ca\/","logo":{"@type":"ImageObject","inLanguage":"fr-FR","@id":"https:\/\/act-aec.ca\/#\/schema\/logo\/image\/","url":"https:\/\/act-aec.ca\/wp-content\/uploads\/2023\/11\/63c97b160889232097514664_ACTAEC-Logo-1.svg","contentUrl":"https:\/\/act-aec.ca\/wp-content\/uploads\/2023\/11\/63c97b160889232097514664_ACTAEC-Logo-1.svg","width":226,"height":76,"caption":"ACT Consortium"},"image":{"@id":"https:\/\/act-aec.ca\/#\/schema\/logo\/image\/"},"sameAs":["https:\/\/x.com\/ACTAEC"]}]}},"_links":{"self":[{"href":"https:\/\/act-aec.ca\/fr\/wp-json\/wp\/v2\/pages\/594","targetHints":{"allow":["GET"]}}],"collection":[{"href":"https:\/\/act-aec.ca\/fr\/wp-json\/wp\/v2\/pages"}],"about":[{"href":"https:\/\/act-aec.ca\/fr\/wp-json\/wp\/v2\/types\/page"}],"author":[{"embeddable":true,"href":"https:\/\/act-aec.ca\/fr\/wp-json\/wp\/v2\/users\/1"}],"replies":[{"embeddable":true,"href":"https:\/\/act-aec.ca\/fr\/wp-json\/wp\/v2\/comments?post=594"}],"version-history":[{"count":0,"href":"https:\/\/act-aec.ca\/fr\/wp-json\/wp\/v2\/pages\/594\/revisions"}],"wp:attachment":[{"href":"https:\/\/act-aec.ca\/fr\/wp-json\/wp\/v2\/media?parent=594"}],"curies":[{"name":"wp","href":"https:\/\/api.w.org\/{rel}","templated":true}]}}